{"id":31,"date":"2023-09-22T16:29:34","date_gmt":"2023-09-22T16:29:34","guid":{"rendered":"http:\/\/marieoq.cluster121.hosting.ovh.net\/my-account\/"},"modified":"2026-04-10T10:38:03","modified_gmt":"2026-04-10T10:38:03","slug":"my-account","status":"publish","type":"page","link":"https:\/\/marie-osteoanimaux.fr\/index.php\/my-account\/","title":{"rendered":"Prendre rendez-vous"},"content":{"rendered":"<p><div class=\"fusion-fullwidth fullwidth-box fusion-builder-row-1 fusion-flex-container nonhundred-percent-fullwidth non-hundred-percent-height-scrolling\" style=\"--awb-border-radius-top-left:0px;--awb-border-radius-top-right:0px;--awb-border-radius-bottom-right:0px;--awb-border-radius-bottom-left:0px;--awb-flex-wrap:wrap;\" ><div class=\"fusion-builder-row fusion-row fusion-flex-align-items-flex-start fusion-flex-content-wrap\" style=\"max-width:1268.8px;margin-left: calc(-4% \/ 2 );margin-right: calc(-4% \/ 2 );\"><div class=\"fusion-layout-column fusion_builder_column fusion-builder-column-0 fusion_builder_column_1_1 1_1 fusion-flex-column\" style=\"--awb-padding-top:40px;--awb-padding-bottom:40px;--awb-bg-blend:overlay;--awb-bg-size:cover;--awb-width-large:100%;--awb-margin-top-large:0px;--awb-spacing-right-large:1.92%;--awb-margin-bottom-large:0px;--awb-spacing-left-large:1.92%;--awb-width-medium:100%;--awb-spacing-right-medium:1.92%;--awb-spacing-left-medium:1.92%;--awb-width-small:100%;--awb-spacing-right-small:1.92%;--awb-spacing-left-small:1.92%;\"><div class=\"fusion-column-wrapper fusion-flex-justify-content-flex-start fusion-content-layout-column\"><div class=\"fusion-text fusion-text-1\"><h3 style=\"text-align: center;\"><b>Prendre rendez-vous pour votre animal <\/b><\/h3>\n<\/div><div class=\"fusion-text fusion-text-2\"><h4><b>Secteurs d&rsquo;interventions :<\/b><\/h4>\n<h5 class=\"fusion-responsive-typography-calculated\" style=\"--fontsize: 20; line-height: 1.2; --minfontsize: 20;\" data-fontsize=\"20\" data-lineheight=\"24px\">Rh\u00f4ne-Alpes : <strong>Lyon<\/strong> et alentours, au d\u00e9part de Dardilly (69).<\/h5>\n<h5 class=\"fusion-responsive-typography-calculated\" style=\"--fontsize: 20; line-height: 1.2; --minfontsize: 20;\" data-fontsize=\"20\" data-lineheight=\"24px\">Tourn\u00e9es r\u00e9guli\u00e8res dans l&rsquo;Est lyonnais : <strong>Amb\u00e9rieu en Bugey, Bourgoin Jallieu<\/strong> et alentours.<\/h5>\n<h5 class=\"fusion-responsive-typography-calculated\" style=\"--fontsize: 20; line-height: 1.2; --minfontsize: 20;\" data-fontsize=\"20\" data-lineheight=\"24px\">Tourn\u00e9es ponctuelles : <strong>Annecy<\/strong> et <strong>R\u00e9gion Parisienne<\/strong> (78, 92, 95).<\/h5>\n<\/div><div style=\"text-align:center;\"><a class=\"fusion-button button-3d fusion-button-default-size button-custom fusion-button-default button-1 fusion-button-default-span fusion-has-button-gradient\" style=\"--button_accent_color:var(--awb-color1);--button_accent_hover_color:var(--awb-color1);--button_border_hover_color:var(--awb-color1);--button_gradient_top_color:var(--awb-custom_color_1);--button_gradient_bottom_color:var(--awb-color2);--button_gradient_top_color_hover:hsla(var(--awb-color5-h),calc(var(--awb-color5-s) - 5%),calc(var(--awb-color5-l) - 10%),var(--awb-color5-a));--button_gradient_bottom_color_hover:hsla(var(--awb-color5-h),calc(var(--awb-color5-s) - 5%),calc(var(--awb-color5-l) - 10%),var(--awb-color5-a));\" target=\"_self\"><span class=\"fusion-button-text awb-button__text awb-button__text--default\">Rendez-vous<\/span><\/a><\/div><\/div><\/div><\/div><\/div><div class=\"fusion-fullwidth fullwidth-box fusion-builder-row-2 fusion-flex-container has-pattern-background has-mask-background nonhundred-percent-fullwidth non-hundred-percent-height-scrolling\" style=\"--awb-border-radius-top-left:0px;--awb-border-radius-top-right:0px;--awb-border-radius-bottom-right:0px;--awb-border-radius-bottom-left:0px;--awb-flex-wrap:wrap;\" ><div class=\"fusion-builder-row fusion-row fusion-flex-align-items-flex-start fusion-flex-content-wrap\" style=\"max-width:1268.8px;margin-left: calc(-4% \/ 2 );margin-right: calc(-4% \/ 2 );\"><div class=\"fusion-layout-column fusion_builder_column fusion-builder-column-1 fusion_builder_column_1_1 1_1 fusion-flex-column\" style=\"--awb-bg-size:cover;--awb-width-large:100%;--awb-margin-top-large:0px;--awb-spacing-right-large:1.92%;--awb-margin-bottom-large:20px;--awb-spacing-left-large:1.92%;--awb-width-medium:100%;--awb-order-medium:0;--awb-spacing-right-medium:1.92%;--awb-spacing-left-medium:1.92%;--awb-width-small:100%;--awb-order-small:0;--awb-spacing-right-small:1.92%;--awb-spacing-left-small:1.92%;\"><div class=\"fusion-column-wrapper fusion-column-has-shadow fusion-flex-justify-content-flex-start fusion-content-layout-column\"><\/div><\/div><div class=\"fusion-layout-column fusion_builder_column fusion-builder-column-2 fusion_builder_column_1_1 1_1 fusion-flex-column\" style=\"--awb-bg-size:cover;--awb-width-large:100%;--awb-margin-top-large:0px;--awb-spacing-right-large:1.92%;--awb-margin-bottom-large:20px;--awb-spacing-left-large:1.92%;--awb-width-medium:100%;--awb-order-medium:0;--awb-spacing-right-medium:1.92%;--awb-spacing-left-medium:1.92%;--awb-width-small:100%;--awb-order-small:0;--awb-spacing-right-small:1.92%;--awb-spacing-left-small:1.92%;\"><div class=\"fusion-column-wrapper fusion-column-has-shadow fusion-flex-justify-content-flex-start fusion-content-layout-column\"><div class=\"fusion-text fusion-text-3\"><p>Une consultation dure environ 1h selon les besoins de l&rsquo;animal et l&rsquo;esp\u00e8ce.<\/p>\n<p>En cas d&rsquo;urgence, contacter votre v\u00e9t\u00e9rinaire.<\/p>\n<p>Le payement peut s&rsquo;effectuer en esp\u00e8ces, virement ou ch\u00e8que.<\/p>\n<\/div><\/div><\/div><div class=\"fusion-layout-column fusion_builder_column fusion-builder-column-3 fusion_builder_column_3_4 3_4 fusion-flex-column\" style=\"--awb-bg-size:cover;--awb-width-large:75%;--awb-margin-top-large:0px;--awb-spacing-right-large:2.56%;--awb-margin-bottom-large:20px;--awb-spacing-left-large:2.56%;--awb-width-medium:75%;--awb-order-medium:0;--awb-spacing-right-medium:2.56%;--awb-spacing-left-medium:2.56%;--awb-width-small:100%;--awb-order-small:0;--awb-spacing-right-small:1.92%;--awb-spacing-left-small:1.92%;\"><div class=\"fusion-column-wrapper fusion-column-has-shadow fusion-flex-justify-content-flex-start fusion-content-layout-column\"><div class=\"fusion-text fusion-text-4\"><h3><b>Frais de d\u00e9placement<\/b><\/h3>\n<h5>\n<p>Les consultations \u00e9tant r\u00e9alis\u00e9es \u00e0 domicile, des frais de d\u00e9placement peuvent s\u2019appliquer en fonction de votre localisation.<\/p>\n<p>Ces frais sont appliqu\u00e9s au-del\u00e0 de 20 km autour de Dardilly (69), \u00e0 hauteur de <b>0,45 \u20ac par kilom\u00e8tre<\/b> suppl\u00e9mentaire.<\/p>\n<p>Afin de r\u00e9duire les co\u00fbts, ces frais peuvent \u00eatre partag\u00e9s entre plusieurs propri\u00e9taires d\u2019un m\u00eame secteur ou entre plusieurs animaux d\u2019une m\u00eame famille.<\/p>\n<p>N\u2019h\u00e9sitez pas \u00e0 me contacter pour obtenir un devis pr\u00e9cis en fonction de votre localisation ou pour organiser un regroupement de rendez-vous.<\/p>\n<\/h5>\n<\/div><\/div><\/div><div class=\"fusion-layout-column fusion_builder_column fusion-builder-column-4 fusion_builder_column_1_4 1_4 fusion-flex-column\" style=\"--awb-bg-size:cover;--awb-width-large:25%;--awb-margin-top-large:0px;--awb-spacing-right-large:7.68%;--awb-margin-bottom-large:20px;--awb-spacing-left-large:7.68%;--awb-width-medium:25%;--awb-order-medium:0;--awb-spacing-right-medium:7.68%;--awb-spacing-left-medium:7.68%;--awb-width-small:100%;--awb-order-small:0;--awb-spacing-right-small:1.92%;--awb-spacing-left-small:1.92%;\"><div class=\"fusion-column-wrapper fusion-column-has-shadow fusion-flex-justify-content-flex-start fusion-content-layout-column\">\t\t\t\t\t<script type=\"text\/javascript\">\n\t\t\t\t\t\tvar map_fusion_map_69d915920da8f;\n\t\t\t\t\t\tvar markers = [];\n\t\t\t\t\t\tvar counter = 0;\n\t\t\t\t\t\t\t\t\t\t\t\t\t\t\t\t\t\t\t\tvar fusionMapNonce = '144596695c';\n\t\t\t\t\t\t\t\t\t\t\t\tfunction fusion_run_map_fusion_map_69d915920da8f() {\n\t\t\t\t\t\t\tjQuery ('#fusion_map_69d915920da8f' ).fusion_maps( {\n\t\t\t\t\t\t\t\taddresses: [{\"address\":\"avenue de verdun 69570 Dardilly\",\"infobox_content\":\"avenue de verdun 69570 Dardilly\",\"coordinates\":false,\"cache\":false}],\n\t\t\t\t\t\t\t\tanimations: false,\n\t\t\t\t\t\t\t\tinfobox_background_color: '',\n\t\t\t\t\t\t\t\tinfobox_styling: 'default',\n\t\t\t\t\t\t\t\tinfobox_text_color: '',\n\t\t\t\t\t\t\t\tmap_style: 'default',\n\t\t\t\t\t\t\t\tmap_type: 'satellite',\n\t\t\t\t\t\t\t\tmarker_icon: '',\n\t\t\t\t\t\t\t\toverlay_color: '',\n\t\t\t\t\t\t\t\toverlay_color_hsl: {\"hue\":0,\"sat\":0,\"lum\":100},\n\t\t\t\t\t\t\t\tshow_address: true,\n\t\t\t\t\t\t\t\tscale_control: true,\n\t\t\t\t\t\t\t\tscrollwheel: true,\n\t\t\t\t\t\t\t\tzoom: 14,\n\t\t\t\t\t\t\t\tzoom_control: true,\n\t\t\t\t\t\t\t} );\n\t\t\t\t\t\t}\n\n\t\t\t\t\t\tgoogle.maps.event.addDomListener(window, 'load', fusion_run_map_fusion_map_69d915920da8f);\n\t\t\t\t\t<\/script>\n\t\t\t\t\t<div class=\"shortcode-map fusion-google-map fusion-maps-js-type\" id=\"fusion_map_69d915920da8f\"><\/div><\/div><\/div><\/div><\/div><div class=\"fusion-fullwidth fullwidth-box fusion-builder-row-3 fusion-flex-container has-pattern-background has-mask-background nonhundred-percent-fullwidth non-hundred-percent-height-scrolling\" style=\"--awb-border-radius-top-left:0px;--awb-border-radius-top-right:0px;--awb-border-radius-bottom-right:0px;--awb-border-radius-bottom-left:0px;--awb-flex-wrap:wrap;\" ><div class=\"fusion-builder-row fusion-row fusion-flex-align-items-flex-start fusion-flex-content-wrap\" style=\"max-width:1268.8px;margin-left: calc(-4% \/ 2 );margin-right: calc(-4% \/ 2 );\"><div class=\"fusion-layout-column fusion_builder_column fusion-builder-column-5 fusion_builder_column_1_1 1_1 fusion-flex-column\" style=\"--awb-bg-size:cover;--awb-width-large:100%;--awb-margin-top-large:0px;--awb-spacing-right-large:1.92%;--awb-margin-bottom-large:20px;--awb-spacing-left-large:1.92%;--awb-width-medium:100%;--awb-order-medium:0;--awb-spacing-right-medium:1.92%;--awb-spacing-left-medium:1.92%;--awb-width-small:100%;--awb-order-small:0;--awb-spacing-right-small:1.92%;--awb-spacing-left-small:1.92%;\"><div class=\"fusion-column-wrapper fusion-column-has-shadow fusion-flex-justify-content-flex-start fusion-content-layout-column\"><div class=\"fusion-text fusion-text-5\"><h3><b>Contact<\/b><\/h3>\n<h6 data-fusion-font=\"true\" style=\"line-height: 1px;\">Pour toutes informations suppl\u00e9mentaires ou questions concernant une s\u00e9ance d&rsquo;ost\u00e9opathie pour votre animal, n&rsquo;h\u00e9sitez pas a me contacter :<\/h6>\n<h6><span data-fusion-font=\"true\" style=\"line-height: 1px;\">T\u00e9l\u00e9phone ou message : <\/span><strong><span data-fusion-font=\"true\" style=\"line-height: 1px;\">06.20.79.14.06<\/span><br \/><\/strong><span style=\"letter-spacing: 0.24px; background-color: rgba(0, 0, 0, 0);\"><span data-fusion-font=\"true\" style=\"line-height: 1px;\">Mail : <\/span><strong data-fusion-font=\"true\" style=\"line-height: 1px;\">osteo.df@gmail.com<\/strong><\/span><\/h6>\n<\/div><div class=\"fusion-social-links fusion-social-links-1\" style=\"--awb-margin-top:20px;--awb-margin-right:0px;--awb-margin-bottom:10px;--awb-margin-left:0px;--awb-alignment:center;--awb-box-border-top:0px;--awb-box-border-right:0px;--awb-box-border-bottom:0px;--awb-box-border-left:0px;--awb-icon-colors-hover:var(--awb-color4);--awb-box-colors-hover:var(--awb-color1);--awb-box-border-color:var(--awb-color3);--awb-box-border-color-hover:var(--awb-color4);\"><div class=\"fusion-social-networks boxed-icons color-type-brand\"><div class=\"fusion-social-networks-wrapper\"><a class=\"fusion-social-network-icon fusion-tooltip fusion-facebook awb-icon-facebook\" style=\"color:#ffffff;font-size:16px;width:16px;background-color:#3b5998;border-color:#3b5998;border-radius:4px;\" data-placement=\"top\" data-title=\"Facebook\" data-toggle=\"tooltip\" title=\"Facebook\" aria-label=\"facebook\" target=\"_blank\" rel=\"noopener noreferrer\" href=\"https:\/\/www.facebook.com\/p\/Marie-Duval-Fleury-Ost%C3%A9opathe-Animalier-61571499337865\/\"><\/a><a class=\"fusion-social-network-icon fusion-tooltip fusion-instagram awb-icon-instagram\" style=\"color:#ffffff;font-size:16px;width:16px;background-color:#c13584;border-color:#c13584;border-radius:4px;\" data-placement=\"top\" data-title=\"Instagram\" data-toggle=\"tooltip\" title=\"Instagram\" aria-label=\"instagram\" target=\"_blank\" rel=\"noopener noreferrer\" href=\"https:\/\/www.instagram.com\/marie_osteoanimaux\/\"><\/a><a class=\"fusion-social-network-icon fusion-tooltip fusion-linkedin awb-icon-linkedin\" style=\"color:#ffffff;font-size:16px;width:16px;background-color:#0077b5;border-color:#0077b5;border-radius:4px;\" data-placement=\"top\" data-title=\"LinkedIn\" data-toggle=\"tooltip\" title=\"LinkedIn\" aria-label=\"linkedin\" target=\"_blank\" rel=\"noopener noreferrer\" href=\"https:\/\/fr.linkedin.com\/in\/marie-duval-fleury-87a54b325\"><\/a><\/div><\/div><\/div><div class=\"fusion-text fusion-text-6\"><p style=\"text-align: center;\"><em>@marie_osteoanimaux<\/em><\/p>\n<\/div><\/div><\/div><\/div><\/div><\/p>\n","protected":false},"excerpt":{"rendered":"","protected":false},"author":1,"featured_media":0,"parent":0,"menu_order":0,"comment_status":"closed","ping_status":"closed","template":"100-width.php","meta":{"footnotes":""},"class_list":["post-31","page","type-page","status-publish","hentry"],"yoast_head":"<!-- This site is optimized with the Yoast SEO plugin v26.4 - https:\/\/yoast.com\/wordpress\/plugins\/seo\/ -->\n<title>Prendre rendez-vous - Marie Duval-Fleury Ost\u00e9opathe animalier<\/title>\n<meta name=\"robots\" content=\"index, follow, max-snippet:-1, max-image-preview:large, max-video-preview:-1\" \/>\n<link rel=\"canonical\" href=\"https:\/\/marie-osteoanimaux.fr\/index.php\/my-account\/\" \/>\n<meta property=\"og:locale\" content=\"fr_FR\" \/>\n<meta property=\"og:type\" content=\"article\" \/>\n<meta property=\"og:title\" content=\"Prendre rendez-vous - Marie Duval-Fleury Ost\u00e9opathe animalier\" \/>\n<meta property=\"og:url\" content=\"https:\/\/marie-osteoanimaux.fr\/index.php\/my-account\/\" \/>\n<meta property=\"og:site_name\" content=\"Marie Duval-Fleury Ost\u00e9opathe animalier\" \/>\n<meta property=\"article:modified_time\" content=\"2026-04-10T10:38:03+00:00\" \/>\n<meta name=\"twitter:card\" content=\"summary_large_image\" \/>\n<meta name=\"twitter:label1\" content=\"Dur\u00e9e de lecture estim\u00e9e\" \/>\n\t<meta name=\"twitter:data1\" content=\"1 minute\" \/>\n<script type=\"application\/ld+json\" class=\"yoast-schema-graph\">{\"@context\":\"https:\/\/schema.org\",\"@graph\":[{\"@type\":\"WebPage\",\"@id\":\"https:\/\/marie-osteoanimaux.fr\/index.php\/my-account\/\",\"url\":\"https:\/\/marie-osteoanimaux.fr\/index.php\/my-account\/\",\"name\":\"Prendre rendez-vous - Marie Duval-Fleury Ost\u00e9opathe animalier\",\"isPartOf\":{\"@id\":\"https:\/\/marie-osteoanimaux.fr\/#website\"},\"datePublished\":\"2023-09-22T16:29:34+00:00\",\"dateModified\":\"2026-04-10T10:38:03+00:00\",\"breadcrumb\":{\"@id\":\"https:\/\/marie-osteoanimaux.fr\/index.php\/my-account\/#breadcrumb\"},\"inLanguage\":\"fr-FR\",\"potentialAction\":[{\"@type\":\"ReadAction\",\"target\":[\"https:\/\/marie-osteoanimaux.fr\/index.php\/my-account\/\"]}]},{\"@type\":\"BreadcrumbList\",\"@id\":\"https:\/\/marie-osteoanimaux.fr\/index.php\/my-account\/#breadcrumb\",\"itemListElement\":[{\"@type\":\"ListItem\",\"position\":1,\"name\":\"Accueil\",\"item\":\"https:\/\/marie-osteoanimaux.fr\/\"},{\"@type\":\"ListItem\",\"position\":2,\"name\":\"Prendre rendez-vous\"}]},{\"@type\":\"WebSite\",\"@id\":\"https:\/\/marie-osteoanimaux.fr\/#website\",\"url\":\"https:\/\/marie-osteoanimaux.fr\/\",\"name\":\"Marie Duval-Fleury Ost\u00e9opathe animalier\",\"description\":\"Parce que leurs corps parlent, mes mains \u00e9coutent\",\"potentialAction\":[{\"@type\":\"SearchAction\",\"target\":{\"@type\":\"EntryPoint\",\"urlTemplate\":\"https:\/\/marie-osteoanimaux.fr\/?s={search_term_string}\"},\"query-input\":{\"@type\":\"PropertyValueSpecification\",\"valueRequired\":true,\"valueName\":\"search_term_string\"}}],\"inLanguage\":\"fr-FR\"}]}<\/script>\n<!-- \/ Yoast SEO plugin. -->","yoast_head_json":{"title":"Prendre rendez-vous - Marie Duval-Fleury Ost\u00e9opathe animalier","robots":{"index":"index","follow":"follow","max-snippet":"max-snippet:-1","max-image-preview":"max-image-preview:large","max-video-preview":"max-video-preview:-1"},"canonical":"https:\/\/marie-osteoanimaux.fr\/index.php\/my-account\/","og_locale":"fr_FR","og_type":"article","og_title":"Prendre rendez-vous - Marie Duval-Fleury Ost\u00e9opathe animalier","og_url":"https:\/\/marie-osteoanimaux.fr\/index.php\/my-account\/","og_site_name":"Marie Duval-Fleury Ost\u00e9opathe animalier","article_modified_time":"2026-04-10T10:38:03+00:00","twitter_card":"summary_large_image","twitter_misc":{"Dur\u00e9e de lecture estim\u00e9e":"1 minute"},"schema":{"@context":"https:\/\/schema.org","@graph":[{"@type":"WebPage","@id":"https:\/\/marie-osteoanimaux.fr\/index.php\/my-account\/","url":"https:\/\/marie-osteoanimaux.fr\/index.php\/my-account\/","name":"Prendre rendez-vous - Marie Duval-Fleury Ost\u00e9opathe animalier","isPartOf":{"@id":"https:\/\/marie-osteoanimaux.fr\/#website"},"datePublished":"2023-09-22T16:29:34+00:00","dateModified":"2026-04-10T10:38:03+00:00","breadcrumb":{"@id":"https:\/\/marie-osteoanimaux.fr\/index.php\/my-account\/#breadcrumb"},"inLanguage":"fr-FR","potentialAction":[{"@type":"ReadAction","target":["https:\/\/marie-osteoanimaux.fr\/index.php\/my-account\/"]}]},{"@type":"BreadcrumbList","@id":"https:\/\/marie-osteoanimaux.fr\/index.php\/my-account\/#breadcrumb","itemListElement":[{"@type":"ListItem","position":1,"name":"Accueil","item":"https:\/\/marie-osteoanimaux.fr\/"},{"@type":"ListItem","position":2,"name":"Prendre rendez-vous"}]},{"@type":"WebSite","@id":"https:\/\/marie-osteoanimaux.fr\/#website","url":"https:\/\/marie-osteoanimaux.fr\/","name":"Marie Duval-Fleury Ost\u00e9opathe animalier","description":"Parce que leurs corps parlent, mes mains \u00e9coutent","potentialAction":[{"@type":"SearchAction","target":{"@type":"EntryPoint","urlTemplate":"https:\/\/marie-osteoanimaux.fr\/?s={search_term_string}"},"query-input":{"@type":"PropertyValueSpecification","valueRequired":true,"valueName":"search_term_string"}}],"inLanguage":"fr-FR"}]}},"_links":{"self":[{"href":"https:\/\/marie-osteoanimaux.fr\/index.php\/wp-json\/wp\/v2\/pages\/31","targetHints":{"allow":["GET"]}}],"collection":[{"href":"https:\/\/marie-osteoanimaux.fr\/index.php\/wp-json\/wp\/v2\/pages"}],"about":[{"href":"https:\/\/marie-osteoanimaux.fr\/index.php\/wp-json\/wp\/v2\/types\/page"}],"author":[{"embeddable":true,"href":"https:\/\/marie-osteoanimaux.fr\/index.php\/wp-json\/wp\/v2\/users\/1"}],"replies":[{"embeddable":true,"href":"https:\/\/marie-osteoanimaux.fr\/index.php\/wp-json\/wp\/v2\/comments?post=31"}],"version-history":[{"count":16,"href":"https:\/\/marie-osteoanimaux.fr\/index.php\/wp-json\/wp\/v2\/pages\/31\/revisions"}],"predecessor-version":[{"id":2028,"href":"https:\/\/marie-osteoanimaux.fr\/index.php\/wp-json\/wp\/v2\/pages\/31\/revisions\/2028"}],"wp:attachment":[{"href":"https:\/\/marie-osteoanimaux.fr\/index.php\/wp-json\/wp\/v2\/media?parent=31"}],"curies":[{"name":"wp","href":"https:\/\/api.w.org\/{rel}","templated":true}]}}